{"id":4427,"date":"2018-03-21T15:00:15","date_gmt":"2018-03-21T14:00:15","guid":{"rendered":"http:\/\/wp12914105.server-he.de\/NEU-spluegensport\/vita-privata\/"},"modified":"2018-10-11T16:01:08","modified_gmt":"2018-10-11T14:01:08","slug":"cgc","status":"publish","type":"page","link":"https:\/\/spluegensport.ch\/it\/cgc\/","title":{"rendered":"CGC"},"content":{"rendered":"<p>[et_pb_section bb_built=&#8221;1&#8243; fullwidth=&#8221;on&#8221; specialty=&#8221;off&#8221; _builder_version=&#8221;3.0.86&#8243; next_background_color=&#8221;#000000&#8243;][et_pb_fullwidth_slider _builder_version=&#8221;3.0.86&#8243; show_arrows=&#8221;on&#8221; show_pagination=&#8221;off&#8221; show_inner_shadow=&#8221;off&#8221; custom_button=&#8221;off&#8221; button_icon_placement=&#8221;right&#8221; show_content_on_mobile=&#8221;on&#8221; show_cta_on_mobile=&#8221;on&#8221; show_image_video_mobile=&#8221;off&#8221; body_text_color=&#8221;#494949&#8243; saved_tabs=&#8221;all&#8221; box_shadow_horizontal=&#8221;0px&#8221; box_shadow_vertical=&#8221;0px&#8221; box_shadow_blur=&#8221;10px&#8221; box_shadow_spread=&#8221;0px&#8221; box_shadow_position=&#8221;inner&#8221; box_shadow_color=&#8221;rgba(0,0,0,0.1)&#8221; box_shadow_style=&#8221;none&#8221;][et_pb_slide _builder_version=&#8221;3.0.86&#8243; use_background_color_gradient=&#8221;off&#8221; background_color_gradient_start=&#8221;#2b87da&#8221; background_color_gradient_end=&#8221;#29c4a9&#8243; background_color_gradient_type=&#8221;linear&#8221; background_color_gradient_direction=&#8221;180deg&#8221; background_color_gradient_direction_radial=&#8221;center&#8221; background_color_gradient_start_position=&#8221;0%&#8221; background_color_gradient_end_position=&#8221;100%&#8221; background_color_gradient_overlays_image=&#8221;off&#8221; background_image=&#8221;https:\/\/spluegensport.ch\/wp-content\/uploads\/2018\/01\/silder-grau-ohne-2018.jpg&#8221; parallax=&#8221;off&#8221; parallax_method=&#8221;on&#8221; background_size=&#8221;cover&#8221; background_position=&#8221;center&#8221; background_repeat=&#8221;no-repeat&#8221; background_blend=&#8221;normal&#8221; allow_player_pause=&#8221;off&#8221; use_bg_overlay=&#8221;off&#8221; use_text_overlay=&#8221;off&#8221; text_border_radius=&#8221;3&#8243; alignment=&#8221;center&#8221; background_layout=&#8221;dark&#8221; text_shadow_horizontal_length=&#8221;0em&#8221; text_shadow_vertical_length=&#8221;0em&#8221; text_shadow_blur_strength=&#8221;0em&#8221; header_text_shadow_horizontal_length=&#8221;0em&#8221; header_text_shadow_vertical_length=&#8221;0em&#8221; header_text_shadow_blur_strength=&#8221;0em&#8221; body_text_shadow_horizontal_length=&#8221;0em&#8221; body_text_shadow_vertical_length=&#8221;0em&#8221; body_text_shadow_blur_strength=&#8221;0em&#8221; button_text_shadow_horizontal_length=&#8221;0em&#8221; button_text_shadow_vertical_length=&#8221;0em&#8221; button_text_shadow_blur_strength=&#8221;0em&#8221; admin_title=&#8221;Sommer&#8221; text_orientation=&#8221;right&#8221; header_font=&#8221;|700|||||||&#8221; header_font_size=&#8221;51&#8243; header_font_size_tablet=&#8221;51&#8243; header_font_size_phone=&#8221;51&#8243; header_text_color=&#8221;#444444&#8243;]<\/p>\n<h1 style=\"text-align: center;\">CGC<\/h1>\n<p>[\/et_pb_slide][\/et_pb_fullwidth_slider][\/et_pb_section][et_pb_section bb_built=&#8221;1&#8243; _builder_version=&#8221;3.0.86&#8243; custom_padding=&#8221;70px||80px|&#8221; prev_background_color=&#8221;#000000&#8243;][et_pb_row][et_pb_column type=&#8221;4_4&#8243;][et_pb_text _builder_version=&#8221;3.10.1&#8243;]<\/p>\n<h4>\u00a0\u00abMATERIALE A NOLEGGIO\u00bb<\/h4>\n<p>&nbsp;<\/p>\n<p>&nbsp;<\/p>\n<p>&nbsp;<\/p>\n<p><strong>Propriet\u00e0 del materiale a noleggio<br \/>\n<\/strong>Il materiale a noleggio resta di propriet\u00e0 del locatore.<\/p>\n<p>&nbsp;<\/p>\n<p><strong>Esclusione della responsabilit\u00e0\/Assicurazione<br \/>\n<\/strong>Qualsiasi assicurazione (responsabilit\u00e0 civile, danni del materiale, furto, ecc.) \u00e8 a carico del locatario. Il locatore non risponde in alcun modo per danni a cose o persone causati durante il periodo del noleggio. Le attrezzature danneggiate o rubate devono essere pagate dal locatario. Il locatario \u00e8 responsabile per danni riconducibili a colpa grave.<\/p>\n<p>&nbsp;<\/p>\n<p><strong>Noleggio stagionale di articoli per sport invernali<br \/>\n<\/strong>Il materiale stagionale noleggiato deve essere restituito alla fine della stagione, entro e non oltre il 30 aprile. Per materiali riconsegnati dopo il 1\u00b0 maggio, viene calcolata una penale forfettaria di CHF 50.00. Dopo il 30 luglio, tutte le attrezzature noleggiate vengono addebitate al costo attuale.<\/p>\n<p>&nbsp;<\/p>\n<p><strong>Impostazione degli attacchi degli sci\u00a0<\/strong><br \/>\nCon la sua firma, il cliente conferma la correttezza dei propri dati personali e del valore comunicatogli e usato per regolare gli attacchi a norma. Il cliente dichiara di accettare le Condizioni Generali di Contratto (CGC).<\/p>\n<p>&nbsp;<\/p>\n<p><strong>Bike\/E-bike danneggiate\u00a0<\/strong><br \/>\nDato che le biciclette a noleggio vengono spesso utilizzate per single trail e freeride, siamo costretti ad addebitare al locatario qualsiasi danno e costo per materiali danneggiati che non siano riconducibili alla normale usura. In caso di danni, chi noleggia si assume quindi i seguenti costi:<\/p>\n<ul>\n<li><strong>danni per colpa grave:<\/strong><br \/>\ncosti del materiale, compresi i costi di riparazioni<\/li>\n<li><strong>danno totale o furto:<br \/>\n<\/strong>bicicletta della stagione attuale: max. il 75% del prezzo del nuovo bicicletta di oltre 1 anno: max. il 50% del prezzo del nuovo<\/li>\n<\/ul>\n<p>&nbsp;<\/p>\n<p><strong>Et\u00e0 minima per e-bike <\/strong><br \/>\nLe biciclette elettriche possono essere guidate a partire da 14 anni con una licenza di condurre categoria G\/M. Dai 16 anni, tale permesso non \u00e8 pi\u00f9 necessario. Chi guida una e-bike deve rispettare le stesse disposizioni dei ciclisti, utilizzando le aree delimitate loro dedicate e le piste ciclabili segnalate.<\/p>\n<p>&nbsp;<\/p>\n<p><strong>Informativa sulla privacy <\/strong><br \/>\nLa Spl\u00fcgen Sport AG prende molto sul serio la tutela dei vostri dati personali. Questi vengono trattati con riservatezza, nel rispetto delle disposizioni legali in materia di privacy e in base alla presente dichiarazione.<\/p>\n<p>Il cliente fornisce il consenso all\u2019acquisizione e all\u2019elaborazione dei propri dati personali ai fini di completare il noleggio. Nel contempo, la Spl\u00fcgen Sport AG si impegna a utilizzare i dati rilevati solo allo scopo del noleggio e a non cederli a terzi.<\/p>\n<p>Il cliente pu\u00f2 fornire alla Spl\u00fcgen Sport AG il consenso a usare i propri dati personali a scopo di marketing (p.es. pubblicit\u00e0, direct mailing), compreso il contatto promozionale via e-mail e per posta. Anche in tal caso, i dati non vengono ceduti a terzi. Il consenso all\u2019uso dei dati a scopo di marketing pu\u00f2 essere revocato gratuitamente in qualsiasi momento. Basta inviare una richiesta informale via e-mail o telefono.<\/p>\n<p>&nbsp;<\/p>\n<p><strong>Diritto applicabile e foro competente <\/strong><br \/>\nIl contratto \u00e8 regolato dal diritto svizzero. Foro competente \u00e8 il luogo del noleggio.<\/p>\n<p>[\/et_pb_text][\/et_pb_column][\/et_pb_row][\/et_pb_section]<\/p>\n","protected":false},"excerpt":{"rendered":"<p>CGC <div class=\"et_pb_row et_pb_row_0 et_pb_row_empty\">\n\t\t\t\t\n\t\t\t\t\n\t\t\t\t\n\t\t\t\t\n\t\t\t\t\n\t\t\t<\/div> \u00a0\u00abMATERIALE A NOLEGGIO\u00bb &nbsp; &nbsp; &nbsp; Propriet\u00e0 del materiale a noleggio Il materiale a noleggio resta di propriet\u00e0 del locatore. &nbsp; Esclusione della responsabilit\u00e0\/Assicurazione Qualsiasi assicurazione (responsabilit\u00e0 civile, danni del materiale, furto, ecc.) \u00e8 a carico del locatario. Il locatore non risponde in alcun modo per danni a cose o persone causati durante [&hellip;]<\/p>\n","protected":false},"author":3,"featured_media":0,"parent":0,"menu_order":0,"comment_status":"closed","ping_status":"closed","template":"","meta":{"_et_pb_use_builder":"on","_et_pb_old_content":"","_et_gb_content_width":"","footnotes":""},"class_list":["post-4427","page","type-page","status-publish","hentry"],"_links":{"self":[{"href":"https:\/\/spluegensport.ch\/it\/wp-json\/wp\/v2\/pages\/4427","targetHints":{"allow":["GET"]}}],"collection":[{"href":"https:\/\/spluegensport.ch\/it\/wp-json\/wp\/v2\/pages"}],"about":[{"href":"https:\/\/spluegensport.ch\/it\/wp-json\/wp\/v2\/types\/page"}],"author":[{"embeddable":true,"href":"https:\/\/spluegensport.ch\/it\/wp-json\/wp\/v2\/users\/3"}],"replies":[{"embeddable":true,"href":"https:\/\/spluegensport.ch\/it\/wp-json\/wp\/v2\/comments?post=4427"}],"version-history":[{"count":14,"href":"https:\/\/spluegensport.ch\/it\/wp-json\/wp\/v2\/pages\/4427\/revisions"}],"predecessor-version":[{"id":5239,"href":"https:\/\/spluegensport.ch\/it\/wp-json\/wp\/v2\/pages\/4427\/revisions\/5239"}],"wp:attachment":[{"href":"https:\/\/spluegensport.ch\/it\/wp-json\/wp\/v2\/media?parent=4427"}],"curies":[{"name":"wp","href":"https:\/\/api.w.org\/{rel}","templated":true}]}}