{"id":4439,"date":"2018-03-21T15:16:08","date_gmt":"2018-03-21T14:16:08","guid":{"rendered":"http:\/\/wp12914105.server-he.de\/NEU-spluegensport\/colophon\/"},"modified":"2024-10-14T10:56:28","modified_gmt":"2024-10-14T08:56:28","slug":"colophon","status":"publish","type":"page","link":"https:\/\/spluegensport.ch\/it\/colophon\/","title":{"rendered":"COLOPHON"},"content":{"rendered":"<p>[et_pb_section fb_built=&#8221;1&#8243; fullwidth=&#8221;on&#8221; _builder_version=&#8221;4.21.0&#8243; background_color=&#8221;#bc1924&#8243; hover_enabled=&#8221;0&#8243; global_colors_info=&#8221;{}&#8221; sticky_enabled=&#8221;0&#8243; locked=&#8221;off&#8221;][et_pb_fullwidth_slider show_pagination=&#8221;off&#8221; _builder_version=&#8221;4.21.0&#8243; body_text_color=&#8221;#494949&#8243; min_height=&#8221;444.8px&#8221; custom_padding=&#8221;||133px|||&#8221; hover_enabled=&#8221;0&#8243; show_inner_shadow=&#8221;off&#8221; saved_tabs=&#8221;all&#8221; global_colors_info=&#8221;{}&#8221; button_text_size__hover_enabled=&#8221;off&#8221; button_one_text_size__hover_enabled=&#8221;off&#8221; button_two_text_size__hover_enabled=&#8221;off&#8221; button_text_color__hover_enabled=&#8221;off&#8221; button_one_text_color__hover_enabled=&#8221;off&#8221; button_two_text_color__hover_enabled=&#8221;off&#8221; button_border_width__hover_enabled=&#8221;off&#8221; button_one_border_width__hover_enabled=&#8221;off&#8221; button_two_border_width__hover_enabled=&#8221;off&#8221; button_border_color__hover_enabled=&#8221;off&#8221; button_one_border_color__hover_enabled=&#8221;off&#8221; button_two_border_color__hover_enabled=&#8221;off&#8221; button_border_radius__hover_enabled=&#8221;off&#8221; button_one_border_radius__hover_enabled=&#8221;off&#8221; button_two_border_radius__hover_enabled=&#8221;off&#8221; button_letter_spacing__hover_enabled=&#8221;off&#8221; button_one_letter_spacing__hover_enabled=&#8221;off&#8221; button_two_letter_spacing__hover_enabled=&#8221;off&#8221; button_bg_color__hover_enabled=&#8221;off&#8221; button_one_bg_color__hover_enabled=&#8221;off&#8221; button_two_bg_color__hover_enabled=&#8221;off&#8221; sticky_enabled=&#8221;0&#8243;][et_pb_slide use_bg_overlay=&#8221;off&#8221; use_text_overlay=&#8221;off&#8221; admin_title=&#8221;Sommer&#8221; _builder_version=&#8221;4.21.0&#8243; header_font=&#8221;|700|||||||&#8221; header_text_color=&#8221;#444444&#8243; header_font_size=&#8221;51&#8243; background_color=&#8221;RGBA(0,0,0,0)&#8221; background_enable_color=&#8221;on&#8221; background_image=&#8221;https:\/\/spluegensport.ch\/wp-content\/uploads\/2018\/01\/silder-grau-ohne-2018.jpg&#8221; text_orientation=&#8221;right&#8221; hover_enabled=&#8221;0&#8243; header_font_size_tablet=&#8221;51&#8243; header_font_size_phone=&#8221;51&#8243; global_colors_info=&#8221;{}&#8221; button_text_size__hover_enabled=&#8221;off&#8221; button_one_text_size__hover_enabled=&#8221;off&#8221; button_two_text_size__hover_enabled=&#8221;off&#8221; button_text_color__hover_enabled=&#8221;off&#8221; button_one_text_color__hover_enabled=&#8221;off&#8221; button_two_text_color__hover_enabled=&#8221;off&#8221; button_border_width__hover_enabled=&#8221;off&#8221; button_one_border_width__hover_enabled=&#8221;off&#8221; button_two_border_width__hover_enabled=&#8221;off&#8221; button_border_color__hover_enabled=&#8221;off&#8221; button_one_border_color__hover_enabled=&#8221;off&#8221; button_two_border_color__hover_enabled=&#8221;off&#8221; button_border_radius__hover_enabled=&#8221;off&#8221; button_one_border_radius__hover_enabled=&#8221;off&#8221; button_two_border_radius__hover_enabled=&#8221;off&#8221; button_letter_spacing__hover_enabled=&#8221;off&#8221; button_one_letter_spacing__hover_enabled=&#8221;off&#8221; button_two_letter_spacing__hover_enabled=&#8221;off&#8221; button_bg_color__hover_enabled=&#8221;off&#8221; button_one_bg_color__hover_enabled=&#8221;off&#8221; button_two_bg_color__hover_enabled=&#8221;off&#8221; sticky_transition=&#8221;on&#8221; sticky_enabled=&#8221;0&#8243;]<\/p>\n<h1 style=\"margin-right: 40px; text-align: center;\"><strong>COLOPHON<\/strong><\/h1>\n<h1>\u00a0\u00a0 \u00a0 \u00a0 \u00a0 \u00a0 \u00a0 \u00a0 \u00a0<strong>\u00a0 \u00a0 \u00a0 \u00a0 \u00a0 \u00a0 \u00a0 \u00a0 \u00a0<\/strong><\/h1>\n<p>[\/et_pb_slide][\/et_pb_fullwidth_slider][\/et_pb_section][et_pb_section fb_built=&#8221;1&#8243; _builder_version=&#8221;4.16&#8243; custom_padding=&#8221;70px||80px|&#8221; global_colors_info=&#8221;{}&#8221;][et_pb_row _builder_version=&#8221;4.16&#8243; background_size=&#8221;initial&#8221; background_position=&#8221;top_left&#8221; background_repeat=&#8221;repeat&#8221; global_colors_info=&#8221;{}&#8221;][et_pb_column type=&#8221;4_4&#8243; _builder_version=&#8221;4.16&#8243; custom_padding=&#8221;|||&#8221; global_colors_info=&#8221;{}&#8221; custom_padding__hover=&#8221;|||&#8221;][et_pb_text _builder_version=&#8221;4.21.0&#8243; global_colors_info=&#8221;{}&#8221;]<\/p>\n<h4>DATI AZIENDALI<\/h4>\n<p>&nbsp;<\/p>\n<p><strong>SPL\u00dcGEN SPORT AG<\/strong><br \/><span>H\u00fcschera 4<\/span><br \/>7435 Spl\u00fcgen<\/p>\n<p>T <a href=\"tel: +41 81 664 19 19\">+41 81 664 19 19<\/a><br \/><a href=\"mailto:spluegen@spluegensport.ch\">spluegen@spluegensport.ch<\/a><\/p>\n<p>&nbsp;<\/p>\n<p><strong>WEBDESIGN<\/strong><\/p>\n<p><strong>RIDI Grafik-Art-Design<\/strong><br \/>Bundesstrasse 8<br \/>A-6833 Klaus<\/p>\n<p><a href=\"tel: +43 5523 585620\">T +43 5523 585620<\/a><br \/><a href=\"mailto:ridi@woerkgroup.com\">ridi@woerkgroup.com<\/a><\/p>\n<p>&nbsp;<\/p>\n<p>&nbsp;<\/p>\n<p>&nbsp;<\/p>\n<h4>DISCONOSCIMENTO<\/h4>\n<p>&nbsp;<\/p>\n<p><strong>1. II contenuti online<\/strong><br \/>L&#8217;autore non si assume alcuna responsabilit\u00e0 per l&#8217;attualit\u00e0, la correttezza, la completezza o la qualit\u00e0 delle informazioni fornite. Rivendicazioni di responsabilit\u00e0 nei confronti dell&#8217;autore che si riferiscono a danni di tipo materiale o immateriale, che sono stati causati tramite l&#8217;uso o il disuso di informazioni presentate o dall&#8217;utilizzo di informazioni errate o incomplete, sono fondamentalmente escluse, purch\u00e9 non esista nessuna colpa in modo dimostrabile dolo o colpa grave da parte dell&#8217;autore. Tutte le offerte sono soggette a conferma e non vincolanti. L&#8217;autore si riserva espressamente il diritto di modificare parti delle pagine o l&#8217;intera offerta senza darne annuncio separato, a integrare, eliminare o cessare la pubblicazione temporaneamente o permanentemente.<\/p>\n<p>&nbsp;<\/p>\n<p><strong>2. Riferimenti e link<\/strong><br \/>Con riferimenti diretti o indiretti a siti Internet esterni (link) che si trovano di fuori area dell&#8217;autore di responsabilit\u00e0, responsabilit\u00e0 solo nel caso entrasse in vigore, in cui l&#8217;autore del contenuto ha conoscenza e sarebbe tecnicamente possibile e ragionevole per lui impedire l&#8217;uso in caso di contenuti illegali. L&#8217;autore dichiara espressamente che, al momento dell&#8217;impostazione del link, nessun contenuto illegale sulle pagine collegate era visibile. L&#8217;autore non ha alcuna influenza sulla struttura attuale e futura, contenuto o paternit\u00e0 delle pagine collegate. Egli pertanto si distanzia espressamente da tutti i contenuti delle pagine collegate, che sono stati modificati dopo l&#8217;impostazione del collegamento. Questo vale per tutti all&#8217;interno della propria offerta Internet insieme a sinistra e riferimenti anche per quanto riguarda i contributi esterni nei libri degli ospiti, arredati dall&#8217;autore, forum di discussione e mailing list. Per contenuti illegali, errati o incompleti e soprattutto per danni derivanti dall&#8217;utilizzo o non utilizzo di tali informazioni, solo il provider della pagina a cui il rinvio non sar\u00e0 responsabile, che rimanda alla rispettiva pubblicazione tramite link.<\/p>\n<p>&nbsp;<\/p>\n<p><strong>3. diritto d&#8217;autore<\/strong><br \/>Il contenuto di questo sito Web \u00e8 protetto da copyright e riproduzione o archiviazione di testi o parti di esse, cos\u00ec come immagini o grafica \u00e8 vietata per motivi di copyright. Tutte le informazioni che sono fatto appositamente allo scopo di scaricare e riutilizzare disponibili (PDF, download, Sala stampa, ecc.) sono esclusi naturalmente. L&#8217;autore s&#8217;impegna ad osservare i diritti d&#8217;autore di usate grafica, documenti sonori, sequenze video e testi in tutte le pubblicazioni, di utilizzare auto-creato grafiche, documenti sonori, sequenze video e testi o di accesso privo di licenza grafiche, documenti sonori, sequenze video e testi. Tutti all&#8217;interno dell&#8217;offerta Internet specificato e se necessario di terzo protetto marche e marchi sono soggette fatte salve le disposizioni della legge rispettivamente valido marchio e i diritti di propriet\u00e0 dei rispettivi proprietari registrati. La semplice menzione non \u00e8 la conclusione che i marchi di diritti di terzi sono protetti! Il copyright per oggetti pubblicati e creati dall&#8217;autore stesso rimane l&#8217;unico con l&#8217;autore delle pagine. Qualsiasi duplicazione o uso di tali grafici, documenti sonori, sequenze video e testi in altre pubblicazioni elettroniche o stampate non \u00e8 consentita senza il consenso esplicito dell&#8217;autore.<\/p>\n<p>&nbsp;<\/p>\n<p><strong>4. Privacy Policy<\/strong><br \/>Se all&#8217;interno dell&#8217;offerta Internet non esiste la possibilit\u00e0 di inserire personale o dati aziendali (indirizzi E-Mail, nomi, indirizzi), la divulgazione di questi dati da parte dell&#8217;utente avviene su base esplicitamente volontaria. L&#8217;utilizzo e il pagamento di tutti i servizi offerti \u00e8-per quanto tecnicamente possibile e ragionevole &#8211; anche senza indicazione di tali dati o con l&#8217;indicazione di dati anonimi o un alias. Si precisa espressamente che la trasmissione pu\u00f2 avere vulnerabilit\u00e0 dei dati in Internet (es. e-mail). Una protezione completa dei dati contro l&#8217;accesso di terzi non \u00e8 possibile. Non ci possiamo assumere alcuna responsabilit\u00e0 per danni derivanti da tali vulnerabilit\u00e0. L&#8217;utilizzo dei dati di contatto pubblicati da terzi ai fini della pubblicit\u00e0 \u00e8 espressamente esclusa. Ci riserviamo il diritto di intraprendere azioni legali in caso di informazioni promozionali indesiderate, come ad esempio attraverso messaggi di spam.<\/p>\n<p>&nbsp;<\/p>\n<p><em>Google analitica<\/em><\/p>\n<p>Questo sito Web utilizza Google Analitica, un servizio di analisi Web della Google Inc (&#8220;Google&#8221;) Google Analitica utilizza dei &#8220;Cookies&#8221;, file di testo che vengono memorizzati sul vostro computer e abilitare analisi del vostro utilizzo del sito Web da voi. Le informazioni generate dal cookie sull&#8217;utilizzo di questo sito Web (compreso il vostro indirizzo IP) sono trasmesso a un server di Google negli Stati Uniti e memorizzate. Google utilizzer\u00e0 queste informazioni per valutare l&#8217;utilizzo del sito Web, compilare report sulle attivit\u00e0 del sito Web per gli operatori del sito Web e fornire altri servizi relazionati alle attivit\u00e0 del sito Web e all&#8217;utilizzo di Internet. Google trasmetter\u00e0 queste informazioni a terzi, anche se non richiesto dalla legge o nella misura in cui terzi elaborino questi dati per conto di Google. Google porter\u00e0 in ogni caso il vostro indirizzo IP con altri dati di Google in connessione. \u00c8 possibile impedire l&#8217;installazione dei cookies modificando il software del vostro browser; Noi abbiamo tuttavia sottolineare che in questo caso se non tutte le funzioni di questo sito per tutta la loro estensione possono utilizzare. Utilizzando questo sito, accetti il trattamento dei dati su di te da Google nel modo precedentemente descritto e per lo scopo suddetto.<\/p>\n<p>&nbsp;<\/p>\n<p><strong>5. disconoscimento<br \/><\/strong>L&#8217;operatore si riserva espressamente il diritto di modificare parte o l&#8217;intera offerta senza darne annuncio separato, a integrare, eliminare o cessare la pubblicazione temporaneamente o permanentemente. Qualsiasi riproduzione o utilizzo di parti e frammenti, richiede il consenso scritto dei prodotti i3 GmbH. le infrazioni saranno perseguite. Questa esclusione di responsabilit\u00e0 \u00e8 da considerarsi parte dell&#8217;offerta Internet, da cui si riferiva questa pagina. Se parti o singole formulazioni di questo testo non lo fanno, non pi\u00f9 o non completamente conformi alla situazione giuridica applicabile, le restanti parti del documento rimangono nel loro contenuto e validit\u00e0 di inalterato.<\/p>\n<p>[\/et_pb_text][\/et_pb_column][\/et_pb_row][\/et_pb_section]<\/p>\n","protected":false},"excerpt":{"rendered":"<p>COLOPHON \u00a0\u00a0 \u00a0 \u00a0 \u00a0 \u00a0 \u00a0 \u00a0 \u00a0\u00a0 \u00a0 \u00a0 \u00a0 \u00a0 \u00a0 \u00a0 \u00a0 \u00a0DATI AZIENDALI &nbsp; SPL\u00dcGEN SPORT AGH\u00fcschera 47435 Spl\u00fcgen T +41 81 664 19 19spluegen@spluegensport.ch &nbsp; WEBDESIGN RIDI Grafik-Art-DesignBundesstrasse 8A-6833 Klaus T +43 5523 585620ridi@woerkgroup.com &nbsp; &nbsp; &nbsp; DISCONOSCIMENTO &nbsp; 1. II contenuti onlineL&#8217;autore non si assume alcuna responsabilit\u00e0 per [&hellip;]<\/p>\n","protected":false},"author":3,"featured_media":0,"parent":0,"menu_order":0,"comment_status":"closed","ping_status":"closed","template":"","meta":{"_et_pb_use_builder":"on","_et_pb_old_content":"","_et_gb_content_width":"","footnotes":""},"class_list":["post-4439","page","type-page","status-publish","hentry"],"_links":{"self":[{"href":"https:\/\/spluegensport.ch\/it\/wp-json\/wp\/v2\/pages\/4439","targetHints":{"allow":["GET"]}}],"collection":[{"href":"https:\/\/spluegensport.ch\/it\/wp-json\/wp\/v2\/pages"}],"about":[{"href":"https:\/\/spluegensport.ch\/it\/wp-json\/wp\/v2\/types\/page"}],"author":[{"embeddable":true,"href":"https:\/\/spluegensport.ch\/it\/wp-json\/wp\/v2\/users\/3"}],"replies":[{"embeddable":true,"href":"https:\/\/spluegensport.ch\/it\/wp-json\/wp\/v2\/comments?post=4439"}],"version-history":[{"count":13,"href":"https:\/\/spluegensport.ch\/it\/wp-json\/wp\/v2\/pages\/4439\/revisions"}],"predecessor-version":[{"id":16934,"href":"https:\/\/spluegensport.ch\/it\/wp-json\/wp\/v2\/pages\/4439\/revisions\/16934"}],"wp:attachment":[{"href":"https:\/\/spluegensport.ch\/it\/wp-json\/wp\/v2\/media?parent=4439"}],"curies":[{"name":"wp","href":"https:\/\/api.w.org\/{rel}","templated":true}]}}