{"id":4563,"date":"2018-03-22T08:48:22","date_gmt":"2018-03-22T07:48:22","guid":{"rendered":"http:\/\/wp12914105.server-he.de\/NEU-spluegensport\/inverno-2\/collezione-di-sci\/movement\/"},"modified":"2025-10-13T10:31:30","modified_gmt":"2025-10-13T08:31:30","slug":"movement","status":"publish","type":"page","link":"https:\/\/spluegensport.ch\/it\/inverno\/collezione-di-sci\/movement\/","title":{"rendered":"MOVEMENT"},"content":{"rendered":"<p>[et_pb_section fb_built=&#8221;1&#8243; custom_padding_last_edited=&#8221;on|phone&#8221; _builder_version=&#8221;4.17.5&#8243; background_image=&#8221;https:\/\/spluegensport.ch\/wp-content\/uploads\/2020\/11\/background-movement-2021-scaled.jpg&#8221; parallax=&#8221;on&#8221; parallax_method=&#8221;off&#8221; custom_margin=&#8221;4px||3px||false|false&#8221; custom_margin_tablet=&#8221;4px||3px||false|false&#8221; custom_margin_phone=&#8221;0px||0px||false|false&#8221; custom_margin_last_edited=&#8221;on|phone&#8221; custom_padding=&#8221;109px||63px|||&#8221; custom_padding_tablet=&#8221;109px||63px|||&#8221; custom_padding_phone=&#8221;0px||0px||false|false&#8221; global_colors_info=&#8221;{}&#8221;][et_pb_row _builder_version=&#8221;4.17.5&#8243; background_color=&#8221;rgba(22,22,22,0.69)&#8221; background_size=&#8221;initial&#8221; background_position=&#8221;top_left&#8221; background_repeat=&#8221;repeat&#8221; width_tablet=&#8221;&#8221; width_phone=&#8221;100%&#8221; width_last_edited=&#8221;on|phone&#8221; max_width_tablet=&#8221;&#8221; max_width_phone=&#8221;100%&#8221; max_width_last_edited=&#8221;on|phone&#8221; custom_margin_tablet=&#8221;&#8221; custom_margin_phone=&#8221;|0px||0px|false|false&#8221; custom_margin_last_edited=&#8221;on|phone&#8221; custom_padding=&#8221;22px|30px||30px|false|false&#8221; global_colors_info=&#8221;{}&#8221;][et_pb_column type=&#8221;4_4&#8243; _builder_version=&#8221;4.16&#8243; custom_padding=&#8221;|||&#8221; global_colors_info=&#8221;{}&#8221; custom_padding__hover=&#8221;|||&#8221;][et_pb_text _builder_version=&#8221;4.27.4&#8243; _module_preset=&#8221;default&#8221; text_text_color=&#8221;#ffffff&#8221; text_font_size=&#8221;22px&#8221; header_2_text_color=&#8221;#ffffff&#8221; header_2_font_size=&#8221;60px&#8221; header_2_line_height=&#8221;1.1em&#8221; header_4_text_color=&#8221;#ffffff&#8221; header_4_font_size=&#8221;38px&#8221; header_4_line_height=&#8221;1.3em&#8221; header_6_font_size=&#8221;53px&#8221; custom_margin=&#8221;50px||33px||false|false&#8221; hover_enabled=&#8221;0&#8243; header_2_font_size_tablet=&#8221;60px&#8221; header_2_font_size_phone=&#8221;45px&#8221; header_2_font_size_last_edited=&#8221;on|phone&#8221; global_colors_info=&#8221;{}&#8221; sticky_enabled=&#8221;0&#8243;]<\/p>\n<h2 style=\"text-align: center;\">MOVEMENT<\/h2>\n<p style=\"text-align: center;\">COLLEZIONE 2025\/2026<\/p>\n<p style=\"text-align: center;\">[\/et_pb_text][\/et_pb_column][\/et_pb_row][et_pb_row custom_padding_last_edited=&#8221;on|phone&#8221; _builder_version=&#8221;4.17.5&#8243; background_color=&#8221;rgba(22,22,22,0.69)&#8221; background_size=&#8221;initial&#8221; background_position=&#8221;top_left&#8221; background_repeat=&#8221;repeat&#8221; width_tablet=&#8221;&#8221; width_phone=&#8221;100%&#8221; width_last_edited=&#8221;on|phone&#8221; max_width_tablet=&#8221;&#8221; max_width_phone=&#8221;100%&#8221; max_width_last_edited=&#8221;on|phone&#8221; custom_margin=&#8221;0px|auto|96px|auto|false|false&#8221; custom_margin_tablet=&#8221;0px|auto|96px|auto|false|false&#8221; custom_margin_phone=&#8221;0px|0px|0px|0px|false|false&#8221; custom_margin_last_edited=&#8221;on|phone&#8221; custom_padding=&#8221;|50px|94px|50px|false|false&#8221; custom_padding_tablet=&#8221;|50px|94px|50px|false|false&#8221; custom_padding_phone=&#8221;|30px|94px|30px|false|true&#8221; global_colors_info=&#8221;{}&#8221;][et_pb_column type=&#8221;4_4&#8243; _builder_version=&#8221;4.16&#8243; custom_padding=&#8221;|||&#8221; global_colors_info=&#8221;{}&#8221; custom_padding__hover=&#8221;|||&#8221;][et_pb_text _builder_version=&#8221;4.16&#8243; _module_preset=&#8221;default&#8221; background_layout=&#8221;dark&#8221; global_colors_info=&#8221;{}&#8221;]<\/p>\n<div class=\"fl-col fl-node-5609346b4b422 fl-col-small\" data-node=\"5609346b4b422\">\n<div class=\"fl-col-content fl-node-content\">\n<div class=\"fl-module fl-module-rich-text fl-node-560932c56bfc0\" data-node=\"560932c56bfc0\" data-animation-delay=\"0.0\">\n<div class=\"fl-module-content fl-node-content\">\n<div class=\"fl-rich-text\">\n<div class=\"fl-col fl-node-5609346b4b422 fl-col-small\" data-node=\"5609346b4b422\">\n<div class=\"fl-col-content fl-node-content\">\n<div class=\"fl-module fl-module-rich-text fl-node-560932c56bfc0\" data-node=\"560932c56bfc0\" data-animation-delay=\"0.0\">\n<div class=\"fl-module-content fl-node-content\">\n<div class=\"fl-rich-text\">\n<p>Lo sci da escursionismo sta trovando sempre pi\u00f9 sostenitori ed \u00e8 ormai parte integrante degli sport all\u2019aperto. In inverno, le montagne sono un parco giochi straordinario, un luogo di libert\u00e0 e immensit\u00e0. Per poterne approfittare al meglio, serve una buona attrezzatura.<\/p>\n<p>&nbsp;<\/p>\n<\/div>\n<\/div>\n<\/div>\n<\/div>\n<\/div>\n<div class=\"fl-col fl-node-5609346b4b462 fl-col-small\" data-node=\"5609346b4b462\">\n<div class=\"fl-col-content fl-node-content\">\n<div class=\"fl-module fl-module-rich-text fl-node-5609346dc6b61\" data-node=\"5609346dc6b61\" data-animation-delay=\"0.0\">\n<div class=\"fl-module-content fl-node-content\">\n<div class=\"fl-rich-text\">\n<p><strong>MOVEMENT<\/strong> sviluppa prodotti di qualit\u00e0 elevata, all\u2019altezza delle esigenze del touring e del freetouring. Da molti anni, vendiamo sci leggeri, affidabili e innovativi, caratterizzati da un eccellente livello di prestazioni e tanta versatilit\u00e0. Anche quest\u2019anno, MOVEMENT lancia sul mercato tante novit\u00e0 con strutture e geometrie moderne.<\/p>\n<p>&nbsp;<\/p>\n<p><strong>Trovi una panoramica di tutti gli sci sul sito di <a href=\"https:\/\/www.movementskis.com\/\">MOVEMENT<\/a><\/strong><\/p>\n<\/div>\n<\/div>\n<\/div>\n<\/div>\n<\/div>\n<\/div>\n<\/div>\n<\/div>\n<\/div>\n<\/div>\n<div class=\"fl-col fl-node-5609346b4b462 fl-col-small\" data-node=\"5609346b4b462\">\n<div class=\"fl-col-content fl-node-content\">\n<div class=\"fl-module fl-module-rich-text fl-node-5609346dc6b61\" data-node=\"5609346dc6b61\" data-animation-delay=\"0.0\">\n<div class=\"fl-module-content fl-node-content\">\n<div class=\"fl-rich-text\"><\/div>\n<\/div>\n<\/div>\n<\/div>\n<\/div>\n<p>[\/et_pb_text][\/et_pb_column][\/et_pb_row][\/et_pb_section]<\/p>\n","protected":false},"excerpt":{"rendered":"<p>MOVEMENT COLLEZIONE 2025\/2026 Lo sci da escursionismo sta trovando sempre pi\u00f9 sostenitori ed \u00e8 ormai parte integrante degli sport all\u2019aperto. In inverno, le montagne sono un parco giochi straordinario, un luogo di libert\u00e0 e immensit\u00e0. Per poterne approfittare al meglio, serve una buona attrezzatura. &nbsp; MOVEMENT sviluppa prodotti di qualit\u00e0 elevata, all\u2019altezza delle esigenze del [&hellip;]<\/p>\n","protected":false},"author":3,"featured_media":0,"parent":4559,"menu_order":0,"comment_status":"closed","ping_status":"closed","template":"","meta":{"_et_pb_use_builder":"on","_et_pb_old_content":"","_et_gb_content_width":"","footnotes":""},"class_list":["post-4563","page","type-page","status-publish","hentry"],"_links":{"self":[{"href":"https:\/\/spluegensport.ch\/it\/wp-json\/wp\/v2\/pages\/4563","targetHints":{"allow":["GET"]}}],"collection":[{"href":"https:\/\/spluegensport.ch\/it\/wp-json\/wp\/v2\/pages"}],"about":[{"href":"https:\/\/spluegensport.ch\/it\/wp-json\/wp\/v2\/types\/page"}],"author":[{"embeddable":true,"href":"https:\/\/spluegensport.ch\/it\/wp-json\/wp\/v2\/users\/3"}],"replies":[{"embeddable":true,"href":"https:\/\/spluegensport.ch\/it\/wp-json\/wp\/v2\/comments?post=4563"}],"version-history":[{"count":23,"href":"https:\/\/spluegensport.ch\/it\/wp-json\/wp\/v2\/pages\/4563\/revisions"}],"predecessor-version":[{"id":17154,"href":"https:\/\/spluegensport.ch\/it\/wp-json\/wp\/v2\/pages\/4563\/revisions\/17154"}],"up":[{"embeddable":true,"href":"https:\/\/spluegensport.ch\/it\/wp-json\/wp\/v2\/pages\/4559"}],"wp:attachment":[{"href":"https:\/\/spluegensport.ch\/it\/wp-json\/wp\/v2\/media?parent=4563"}],"curies":[{"name":"wp","href":"https:\/\/api.w.org\/{rel}","templated":true}]}}