{"id":9193,"date":"2020-03-12T16:03:25","date_gmt":"2020-03-12T15:03:25","guid":{"rendered":"http:\/\/spluegensport.ch\/servizi\/"},"modified":"2023-03-09T17:47:54","modified_gmt":"2023-03-09T16:47:54","slug":"servizi","status":"publish","type":"page","link":"https:\/\/spluegensport.ch\/it\/servizi\/","title":{"rendered":"SERVIZI"},"content":{"rendered":"<p>[et_pb_section fb_built=&#8221;1&#8243; custom_padding_last_edited=&#8221;on|phone&#8221; _builder_version=&#8221;4.19.4&#8243; use_background_color_gradient=&#8221;on&#8221; background_color_gradient_direction=&#8221;161deg&#8221; background_color_gradient_stops=&#8221;rgba(10,1,1,0.56) 0%|rgba(10,1,1,0.56) 100%&#8221; background_color_gradient_overlays_image=&#8221;on&#8221; background_image=&#8221;https:\/\/spluegensport.ch\/wp-content\/uploads\/2023\/03\/bikeservice-23.jpg&#8221; parallax=&#8221;on&#8221; parallax_method=&#8221;off&#8221; min_height=&#8221;902px&#8221; custom_margin=&#8221;4px||3px||false|false&#8221; custom_padding=&#8221;109px||181px|||&#8221; custom_padding_tablet=&#8221;109px||181px|||&#8221; custom_padding_phone=&#8221;80px||90px||false|false&#8221; global_colors_info=&#8221;{}&#8221; locked=&#8221;off&#8221;][et_pb_row module_class=&#8221;vertikal-zentrieren&#8221; _builder_version=&#8221;4.19.4&#8243; background_enable_color=&#8221;off&#8221; background_size=&#8221;initial&#8221; background_position=&#8221;top_left&#8221; background_repeat=&#8221;repeat&#8221; min_height=&#8221;641.9px&#8221; min_height_tablet=&#8221;874.1px&#8221; min_height_phone=&#8221;581px&#8221; min_height_last_edited=&#8221;on|tablet&#8221; custom_margin=&#8221;68px|auto||auto||&#8221; custom_margin_tablet=&#8221;68px|auto||auto||&#8221; custom_margin_phone=&#8221;10px|auto||auto|false|false&#8221; custom_margin_last_edited=&#8221;on|phone&#8221; custom_padding=&#8221;0px|5px|0px|5px|false|false&#8221; border_width_all=&#8221;5px&#8221; border_color_all=&#8221;#FFFFFF&#8221; global_colors_info=&#8221;{}&#8221;][et_pb_column type=&#8221;4_4&#8243; module_class=&#8221;vertikal-zentrieren&#8221; _builder_version=&#8221;4.19.4&#8243; custom_padding=&#8221;|||&#8221; global_colors_info=&#8221;{}&#8221; custom_padding__hover=&#8221;|||&#8221;][et_pb_image src=&#8221;https:\/\/spluegensport.ch\/wp-content\/uploads\/2023\/03\/icon-service-2023.png&#8221; title_text=&#8221;icon-service-2023&#8243; align=&#8221;center&#8221; _builder_version=&#8221;4.19.4&#8243; _module_preset=&#8221;default&#8221; width=&#8221;8%&#8221; width_tablet=&#8221;27%&#8221; width_phone=&#8221;40%&#8221; width_last_edited=&#8221;on|tablet&#8221; custom_margin=&#8221;||15px|||&#8221; global_colors_info=&#8221;{}&#8221;][\/et_pb_image][et_pb_text _builder_version=&#8221;4.19.4&#8243; _module_preset=&#8221;default&#8221; text_text_color=&#8221;#ffffff&#8221; text_font_size=&#8221;20px&#8221; header_2_font=&#8221;|||on|||||&#8221; header_2_text_color=&#8221;#ffffff&#8221; header_2_font_size=&#8221;50px&#8221; header_2_line_height=&#8221;1.1em&#8221; header_4_text_color=&#8221;#ffffff&#8221; header_4_font_size=&#8221;38px&#8221; header_4_line_height=&#8221;1.3em&#8221; header_6_font_size=&#8221;53px&#8221; custom_margin=&#8221;36px||0px||false|false&#8221; custom_margin_tablet=&#8221;36px||0px||false|false&#8221; custom_margin_phone=&#8221;10px||0px||false|false&#8221; custom_margin_last_edited=&#8221;on|phone&#8221; custom_padding=&#8221;0px|50px|0px|50px|false|true&#8221; custom_padding_tablet=&#8221;0px|50px|0px|50px|false|true&#8221; custom_padding_phone=&#8221;0px|10px|0px|10px|false|true&#8221; custom_padding_last_edited=&#8221;on|phone&#8221; hover_enabled=&#8221;0&#8243; text_font_size_tablet=&#8221;20px&#8221; text_font_size_phone=&#8221;14px&#8221; text_font_size_last_edited=&#8221;on|phone&#8221; text_line_height_tablet=&#8221;&#8221; text_line_height_phone=&#8221;1.3em&#8221; text_line_height_last_edited=&#8221;on|phone&#8221; header_2_font_size_tablet=&#8221;50px&#8221; header_2_font_size_phone=&#8221;30px&#8221; header_2_font_size_last_edited=&#8221;on|phone&#8221; header_2_line_height_tablet=&#8221;1.1em&#8221; header_2_line_height_phone=&#8221;1em&#8221; header_2_line_height_last_edited=&#8221;on|phone&#8221; global_colors_info=&#8221;{}&#8221; sticky_enabled=&#8221;0&#8243;]<\/p>\n<h2 style=\"text-align: center;\">RIPARAZIONI E ASSISTENZA BIKE<\/h2>\n<p style=\"text-align: center;\">Spl\u00fcgen Sport \u00e8 sinonimo di qualit\u00e0 elevata e assistenza professionale.<br \/>Questi valori rivestono una grande importanza per noi e si notano anche nei nostri interventi di riparazione e assistenza sulla tua bici.<\/p>\n<p style=\"text-align: center;\">Grazie ai continui corsi di aggiornamento dei nostri dipendenti e al loro lavoro accurato e preciso, la tua bike \u00e8 in ottime mani qui da noi. Nulla potr\u00e0 ostacolare il tuo prossimo tour.<\/p>\n<p>[\/et_pb_text][\/et_pb_column][\/et_pb_row][\/et_pb_section]<\/p>\n","protected":false},"excerpt":{"rendered":"<p>RIPARAZIONI E ASSISTENZA BIKE Spl\u00fcgen Sport \u00e8 sinonimo di qualit\u00e0 elevata e assistenza professionale.Questi valori rivestono una grande importanza per noi e si notano anche nei nostri interventi di riparazione e assistenza sulla tua bici. Grazie ai continui corsi di aggiornamento dei nostri dipendenti e al loro lavoro accurato e preciso, la tua bike \u00e8 [&hellip;]<\/p>\n","protected":false},"author":3,"featured_media":0,"parent":0,"menu_order":0,"comment_status":"closed","ping_status":"closed","template":"","meta":{"_et_pb_use_builder":"on","_et_pb_old_content":"","_et_gb_content_width":"","footnotes":""},"class_list":["post-9193","page","type-page","status-publish","hentry"],"_links":{"self":[{"href":"https:\/\/spluegensport.ch\/it\/wp-json\/wp\/v2\/pages\/9193","targetHints":{"allow":["GET"]}}],"collection":[{"href":"https:\/\/spluegensport.ch\/it\/wp-json\/wp\/v2\/pages"}],"about":[{"href":"https:\/\/spluegensport.ch\/it\/wp-json\/wp\/v2\/types\/page"}],"author":[{"embeddable":true,"href":"https:\/\/spluegensport.ch\/it\/wp-json\/wp\/v2\/users\/3"}],"replies":[{"embeddable":true,"href":"https:\/\/spluegensport.ch\/it\/wp-json\/wp\/v2\/comments?post=9193"}],"version-history":[{"count":7,"href":"https:\/\/spluegensport.ch\/it\/wp-json\/wp\/v2\/pages\/9193\/revisions"}],"predecessor-version":[{"id":16404,"href":"https:\/\/spluegensport.ch\/it\/wp-json\/wp\/v2\/pages\/9193\/revisions\/16404"}],"wp:attachment":[{"href":"https:\/\/spluegensport.ch\/it\/wp-json\/wp\/v2\/media?parent=9193"}],"curies":[{"name":"wp","href":"https:\/\/api.w.org\/{rel}","templated":true}]}}